{"id":389,"date":"2017-02-16T23:25:40","date_gmt":"2017-02-16T23:25:40","guid":{"rendered":"http:\/\/zannonimedia.com\/home\/"},"modified":"2023-02-07T16:31:32","modified_gmt":"2023-02-07T16:31:32","slug":"inicio","status":"publish","type":"page","link":"http:\/\/zannonimedia.com\/es\/","title":{"rendered":"Inicio"},"content":{"rendered":"[vc_row type=\u00bbin_container\u00bb full_screen_row_position=\u00bbmiddle\u00bb scene_position=\u00bbcenter\u00bb text_color=\u00bbdark\u00bb text_align=\u00bbleft\u00bb overlay_strength=\u00bb0.3&#8243;][vc_column column_padding=\u00bbno-extra-padding\u00bb column_padding_position=\u00bball\u00bb background_color_opacity=\u00bb1&#8243; background_hover_color_opacity=\u00bb1&#8243; width=\u00bb1\/1&#8243; tablet_text_alignment=\u00bbdefault\u00bb phone_text_alignment=\u00bbdefault\u00bb]<div style=\"height: 650px\" data-midnight=\"nectar-slider\" class=\"parallax_slider_outer \"><div style=\"height: 650px\"  data-transition=\"slide\" data-overall_style=\"classic\" data-flexible-height=\"\" data-animate-in-effect=\"none\" data-fullscreen=\"true\" data-button-sizing=\"regular\" data-button-styling=\"btn_with_count\" data-autorotate=\"\" data-parallax=\"true\" data-full-width=\"true\" class=\"nectar-slider-wrap \" id=\"ns-id-6a00759c1dae0\">\n\t\t\t<div style=\"height: 650px\" class=\"swiper-container\"  data-tho=\"auto\" data-tco=\"auto\" data-pho=\"auto\" data-pco=\"auto\" data-loop=\"true\" data-height=\"650\" data-min-height=\"\" data-arrows=\"false\" data-bullets=\"false\" data-bullet_style=\"see_through\" data-desktop-swipe=\"false\" data-settings=\"\">\n\t\t\t\t    <div class=\"swiper-wrapper\"><div class=\"swiper-slide\" data-bg-alignment=\"center\" data-color-scheme=\"light\" data-x-pos=\"centered\" data-y-pos=\"middle\"> \n\t\t\t\t\t\t\t\t<div class=\"image-bg\" style=\"background-image: url(http:\/\/zannonimedia.com\/wp-content\/uploads\/2017\/02\/slider-zannoni-2-1.jpg);\"> &nbsp; <\/div><div class=\"container\">\n\t\t\t\t\t\t\t\t\t<div class=\"content\"><h2>Te ayudamos a convertir tus activos <br \/>cinematogr\u00e1ficos y televisivos en un negocio global<\/h2><p  ><span>Cont\u00e1ctanos y recibe informaci\u00f3n sobre c\u00f3mo podemos ayudarte!<\/span><\/p><div class=\"buttons\"><div class=\"button transparent_2\">\n\t\t\t\t\t\t\t\t\t\t\t\t \t\t <a class=\"extra-color-3\" href=\"\/contacto\/\">CONT\u00c1CTANOS<\/a>\n\t\t\t\t\t\t\t\t\t\t\t\t \t <\/div><\/div><\/div>\n\t\t\t\t\t\t\t\t<\/div><!--\/container--><a href=\"#\" class=\"slider-down-arrow\"><i class=\"icon-salient-down-arrow icon-default-style\"> <span class=\"ie-fix\"><\/span> <\/i><\/a><div class=\"video-texture \"> <span class=\"ie-fix\"><\/span> <\/div><\/div><!--\/swiper-slide--><\/div><div class=\"nectar-slider-loading \"> <span class=\"loading-icon none\">   <\/span> <\/div> <\/div> \n\t\t\t\t\n\t\t\t<\/div><\/div>[\/vc_column][\/vc_row][vc_row type=\u00bbfull_width_background\u00bb full_screen_row_position=\u00bbmiddle\u00bb scene_position=\u00bbcenter\u00bb text_color=\u00bbdark\u00bb text_align=\u00bbleft\u00bb top_padding=\u00bb120&#8243; bottom_padding=\u00bb120&#8243; overlay_strength=\u00bb0.3&#8243;][vc_column column_padding=\u00bbno-extra-padding\u00bb column_padding_position=\u00bball\u00bb background_color_opacity=\u00bb1&#8243; background_hover_color_opacity=\u00bb1&#8243; width=\u00bb1\/1&#8243; tablet_text_alignment=\u00bbdefault\u00bb phone_text_alignment=\u00bbdefault\u00bb][vc_row_inner text_align=\u00bbleft\u00bb][vc_column_inner column_padding=\u00bbno-extra-padding\u00bb column_padding_position=\u00bball\u00bb background_color_opacity=\u00bb1&#8243; centered_text=\u00bbtrue\u00bb width=\u00bb1\/1&#8243;][vc_column_text]\n<h2><span style=\"color: #374042;\">Servicios<\/span><\/h2>\n[\/vc_column_text]<div class=\"divider-wrap\"><div style=\"margin-top: 25px; width: 60px; height: 1px; margin-bottom: 25px;\" data-width=\"60\" data-animate=\"yes\" data-animation-delay=\"\" data-color=\"extra-color-3\" class=\"divider-small-border\"><\/div><\/div>[\/vc_column_inner][\/vc_row_inner][vc_row_inner text_align=\u00bbleft\u00bb][vc_column_inner column_padding=\u00bbno-extra-padding\u00bb column_padding_position=\u00bball\u00bb background_color_opacity=\u00bb1&#8243; centered_text=\u00bbtrue\u00bb width=\u00bb1\/4&#8243;][vc_column_text]<a href=\"\/es\/servicios\/representacion-la-industria-cinematografica-televisiva\/\"><img loading=\"lazy\" decoding=\"async\" class=\"size-full wp-image-24 alignnone\" src=\"\/wp-content\/uploads\/2017\/02\/icon-home-1.png\" alt=\"\" width=\"128\" height=\"128\" srcset=\"http:\/\/zannonimedia.com\/wp-content\/uploads\/2017\/02\/icon-home-1.png 128w, http:\/\/zannonimedia.com\/wp-content\/uploads\/2017\/02\/icon-home-1-50x50.png 50w, http:\/\/zannonimedia.com\/wp-content\/uploads\/2017\/02\/icon-home-1-100x100.png 100w\" sizes=\"auto, (max-width: 128px) 100vw, 128px\" \/><\/a><br \/>\n<a class=\"link_home\" href=\"\/es\/servicios\/representacion-la-industria-cinematografica-televisiva\/\">Representaci\u00f3n<\/a>[\/vc_column_text][\/vc_column_inner][vc_column_inner column_padding=\u00bbno-extra-padding\u00bb column_padding_position=\u00bball\u00bb background_color_opacity=\u00bb1&#8243; centered_text=\u00bbtrue\u00bb width=\u00bb1\/4&#8243;][vc_column_text]<a href=\"\/es\/servicios\/asesoria-negocios-peliculas-television\/\"><img loading=\"lazy\" decoding=\"async\" class=\"alignnone wp-image-25 size-full\" src=\"\/wp-content\/uploads\/2017\/02\/icon-home-2.png\" width=\"128\" height=\"128\" srcset=\"http:\/\/zannonimedia.com\/wp-content\/uploads\/2017\/02\/icon-home-2.png 128w, http:\/\/zannonimedia.com\/wp-content\/uploads\/2017\/02\/icon-home-2-50x50.png 50w, http:\/\/zannonimedia.com\/wp-content\/uploads\/2017\/02\/icon-home-2-100x100.png 100w\" sizes=\"auto, (max-width: 128px) 100vw, 128px\" \/><\/a><br \/>\n<a class=\"link_home\" href=\"\/es\/servicios\/asesoria-negocios-peliculas-television\/\">Asesor\u00eda<\/a>[\/vc_column_text][\/vc_column_inner][vc_column_inner column_padding=\u00bbno-extra-padding\u00bb column_padding_position=\u00bball\u00bb background_color_opacity=\u00bb1&#8243; centered_text=\u00bbtrue\u00bb width=\u00bb1\/4&#8243;][vc_column_text]<a href=\"\/es\/servicios\/producciones-para-latinoamerica\/\"><img loading=\"lazy\" decoding=\"async\" class=\"alignnone wp-image-31 size-full\" src=\"\/wp-content\/uploads\/2017\/02\/icon-home-8.png\" width=\"128\" height=\"128\" srcset=\"http:\/\/zannonimedia.com\/wp-content\/uploads\/2017\/02\/icon-home-8.png 128w, http:\/\/zannonimedia.com\/wp-content\/uploads\/2017\/02\/icon-home-8-50x50.png 50w, http:\/\/zannonimedia.com\/wp-content\/uploads\/2017\/02\/icon-home-8-100x100.png 100w\" sizes=\"auto, (max-width: 128px) 100vw, 128px\" \/><\/a><br \/>\n<a class=\"link_home\" href=\"\/es\/servicios\/producciones-para-latinoamerica\/\">Producciones para Latinoam\u00e9rica<\/a>[\/vc_column_text][\/vc_column_inner][vc_column_inner column_padding=\u00bbno-extra-padding\u00bb column_padding_position=\u00bball\u00bb background_color_opacity=\u00bb1&#8243; width=\u00bb1\/4&#8243;][vc_column_text]\n<p style=\"text-align: center;\"><a href=\"\/es\/acerca-de-nosotros\/\"><img loading=\"lazy\" decoding=\"async\" class=\"aligncenter wp-image-369 size-full\" src=\"http:\/\/zannonimedia.com\/wp-content\/uploads\/2017\/02\/icon-home-7-alt.png\" width=\"128\" height=\"128\" srcset=\"http:\/\/zannonimedia.com\/wp-content\/uploads\/2017\/02\/icon-home-7-alt.png 128w, http:\/\/zannonimedia.com\/wp-content\/uploads\/2017\/02\/icon-home-7-alt-50x50.png 50w, http:\/\/zannonimedia.com\/wp-content\/uploads\/2017\/02\/icon-home-7-alt-100x100.png 100w\" sizes=\"auto, (max-width: 128px) 100vw, 128px\" \/><\/a><br \/>\n<a class=\"link_home\" href=\"\/es\/acerca-de-nosotros\/\">Acerca de Nosotros<\/a><\/p>\n[\/vc_column_text][\/vc_column_inner][\/vc_row_inner][\/vc_column][\/vc_row][vc_row type=\u00bbfull_width_background\u00bb full_screen_row_position=\u00bbmiddle\u00bb bg_image=\u00bb70&#8243; bg_position=\u00bbleft center\u00bb bg_repeat=\u00bbno-repeat\u00bb parallax_bg=\u00bbtrue\u00bb parallax_bg_speed=\u00bbmedium\u00bb bg_color=\u00bb#2b3133&#8243; scene_position=\u00bbcenter\u00bb text_color=\u00bblight\u00bb text_align=\u00bbcenter\u00bb top_padding=\u00bb180&#8243; bottom_padding=\u00bb170&#8243; overlay_strength=\u00bb0.3&#8243;][vc_column centered_text=\u00bbtrue\u00bb column_padding=\u00bbno-extra-padding\u00bb column_padding_position=\u00bball\u00bb background_color_opacity=\u00bb1&#8243; background_hover_color_opacity=\u00bb1&#8243; width=\u00bb1\/1&#8243; tablet_text_alignment=\u00bbdefault\u00bb phone_text_alignment=\u00bbdefault\u00bb][vc_column_text]\n<h3><span style=\"color: #d86f90; font-size: 38px;\">\u00bfConsideras producir tu pel\u00edcula o serie de televisi\u00f3n en America Latina?<\/span><\/h3>\n<h4>Somos los especialistas en Latinoam\u00e9rica<\/h4>\n<div class=\"divider-wrap\"><div style=\"height: 10px;\" class=\"divider\"><\/div><\/div>\n<a class=\"nectar-button medium see-through-2\"  href=\"\/es\/contact\/\" data-color-override=\"#D86F90\"  data-hover-color-override=\"#374042\" data-hover-text-color-override=\"#D86F90\"><span>VAMOS A CONECTARNOS Y HABLEMOS DE OPORTUNIDADES<\/span><\/a>[\/vc_column_text][\/vc_column][\/vc_row][vc_row type=\u00bbin_container\u00bb full_screen_row_position=\u00bbmiddle\u00bb scene_position=\u00bbcenter\u00bb text_color=\u00bbdark\u00bb text_align=\u00bbleft\u00bb top_padding=\u00bb120&#8243; bottom_padding=\u00bb120&#8243; overlay_strength=\u00bb0.3&#8243;][vc_column centered_text=\u00bbtrue\u00bb column_padding=\u00bbpadding-10-percent\u00bb column_padding_position=\u00bbleft-right\u00bb background_color_opacity=\u00bb1&#8243; background_hover_color_opacity=\u00bb1&#8243; width=\u00bb1\/1&#8243; tablet_text_alignment=\u00bbdefault\u00bb phone_text_alignment=\u00bbdefault\u00bb][vc_row_inner text_align=\u00bbleft\u00bb][vc_column_inner column_padding=\u00bbno-extra-padding\u00bb column_padding_position=\u00bball\u00bb background_color_opacity=\u00bb1&#8243; centered_text=\u00bbtrue\u00bb width=\u00bb1\/1&#8243;][vc_column_text]\n<h2><span style=\"color: #374042;\">Clientes<\/span><\/h2>\n[\/vc_column_text]<div class=\"divider-wrap\"><div style=\"margin-top: 25px; width: 60px; height: 1px; margin-bottom: 25px;\" data-width=\"60\" data-animate=\"yes\" data-animation-delay=\"\" data-color=\"extra-color-3\" class=\"divider-small-border\"><\/div><\/div>[\/vc_column_inner][\/vc_row_inner][clients columns=\u00bb3&#8243; fade_in_animation=\u00bbtrue\u00bb carousel=\u00bbtrue\u00bb][client image=\u00bb105&#8243; title=\u00bbClient\u00bb id=\u00bb1487692834-1-74&#8243; tab_id=\u00bb1487693445137-0&#8243; name=\u00bbVisualnet\u00bb] Click the edit button to add your testimonial. [\/client][client image=\u00bb104&#8243; title=\u00bbClient\u00bb id=\u00bb1487693646219-0-3&#8243; tab_id=\u00bb1487693646229-1&#8243; name=\u00bbSanta Fe Studios\u00bb][\/client][client image=\u00bb101&#8243; title=\u00bbClient\u00bb id=\u00bb1487693546221-0-6&#8243; tab_id=\u00bb1487693546230-5&#8243; name=\u00bbAnimex\u00bb][\/client][client image=\u00bb109&#8243; title=\u00bbClient\u00bb id=\u00bb1487693573123-0-0&#8243; tab_id=\u00bb1487693573138-3&#8243; name=\u00bbLatin American Training Center\u00bb][\/client][\/clients]<div class=\"divider-wrap\"><div style=\"margin-top: 50px; width: 60px; height: 1px; margin-bottom: 50px;\" data-width=\"60\" data-animate=\"yes\" data-animation-delay=\"\" data-color=\"extra-color-3\" class=\"divider-small-border\"><\/div><\/div>[testimonial_slider style=\u00bbdefault\u00bb][testimonial title=\u00bbTestimonial\u00bb id=\u00bb1487379243-1-14&#8243; tab_id=\u00bb1487384101380-2&#8243; name=\u00bbDavid Greathouse\u00bb quote=\u00bbDavid tiene un profundo entendimiento sobre el manejo de ingresos de pel\u00edculas y agendas de recuperaci\u00f3n. Adem\u00e1s, tambi\u00e9n forma parte de una red extensa en la comunidad cinematogr\u00e1fica internacional. Esta combinaci\u00f3n ha sido muy \u00fatil para nosotros. Con gusto recomiendo a David y su firma para negocios relacionados con proyectos cinematogr\u00e1ficos.\u00bb subtitle=\u00bbPresidente y Productor de Demarest Films\u00bb] Click the edit button to add your testimonial. [\/testimonial][testimonial title=\u00bbTestimonial\u00bb id=\u00bb1487379243-2-57&#8243; tab_id=\u00bb1487384101990-9&#8243; name=\u00bbOctavio Marin\u00bb quote=\u00bb\u00abUn verdadero profesional\u00ab es la frase que se me viene a la mente cuando pienso en mi colega y amigo David Zannoni. He tenido el placer de colaborar con David por los \u00faltimos cinco a\u00f1os en diferentes proyectos, y cada vez siempre llego a la misma conclusi\u00f3n; \u00a1Es genial tener a David en tu equipo! David cumple de manera experta su papel de asesor creativo, estrat\u00e9gico y financiero. Siempre me impresiona la habilidad de David de concentrar ideas, simplificar situaciones complejas y lidiar con diferentes personas &#8211; sin mucho esfuerzo. Toma a\u00f1os desarrollar estas habilidades, pero parecen algo natural en David. Adem\u00e1s, David es uno de los individuos m\u00e1s conectados que conozco, \u00a1es la persona conectada por excelencia! Cualquier empresa ser\u00eda afortunada de tener a David en su equipo o como asesor.<br \/>\n\u00bb subtitle=\u00bbDirector de operaciones en Santa Fe Studios\u00bb] Click the edit button to add your testimonial. [\/testimonial][testimonial title=\u00bbTestimonial\u00bb id=\u00bb1487693930171-0-3&#8243; tab_id=\u00bb1487693930184-8&#8243; name=\u00bbDiego F. Ramirez\u00bb quote=\u00bbEl conocimiento que David tiene sobre el dinamismo de los mercados internacionales, en combinaci\u00f3n con su experiencia certificada en conectar y aprovechar oportunidades para realizar proyectos ha sido altamente valioso en el proceso de internacionalizaci\u00f3n de 64-A Films, fortaleciendo nuestra capacidad de lograr m\u00e1s y mejores resultados.\u00bb subtitle=\u00bbProductor en 64A Films\u00bb][\/testimonial][\/testimonial_slider][\/vc_column][\/vc_row]\n","protected":false},"excerpt":{"rendered":"<p>[vc_row type=\u00bbin_container\u00bb full_screen_row_position=\u00bbmiddle\u00bb scene_position=\u00bbcenter\u00bb text_color=\u00bbdark\u00bb text_align=\u00bbleft\u00bb overlay_strength=\u00bb0.3&#8243;][vc_column column_padding=\u00bbno-extra-padding\u00bb column_padding_position=\u00bball\u00bb background_color_opacity=\u00bb1&#8243; background_hover_color_opacity=\u00bb1&#8243; width=\u00bb1\/1&#8243; tablet_text_alignment=\u00bbdefault\u00bb phone_text_alignment=\u00bbdefault\u00bb][\/vc_column][\/vc_row][vc_row type=\u00bbfull_width_background\u00bb full_screen_row_position=\u00bbmiddle\u00bb scene_position=\u00bbcenter\u00bb text_color=\u00bbdark\u00bb text_align=\u00bbleft\u00bb top_padding=\u00bb120&#8243; bottom_padding=\u00bb120&#8243; overlay_strength=\u00bb0.3&#8243;][vc_column column_padding=\u00bbno-extra-padding\u00bb column_padding_position=\u00bball\u00bb background_color_opacity=\u00bb1&#8243; background_hover_color_opacity=\u00bb1&#8243; width=\u00bb1\/1&#8243; tablet_text_alignment=\u00bbdefault\u00bb phone_text_alignment=\u00bbdefault\u00bb][vc_row_inner text_align=\u00bbleft\u00bb][vc_column_inner&#8230;<\/p>\n","protected":false},"author":1,"featured_media":0,"parent":0,"menu_order":0,"comment_status":"closed","ping_status":"closed","template":"","meta":{"footnotes":""},"class_list":["post-389","page","type-page","status-publish","hentry"],"_links":{"self":[{"href":"http:\/\/zannonimedia.com\/es\/wp-json\/wp\/v2\/pages\/389","targetHints":{"allow":["GET"]}}],"collection":[{"href":"http:\/\/zannonimedia.com\/es\/wp-json\/wp\/v2\/pages"}],"about":[{"href":"http:\/\/zannonimedia.com\/es\/wp-json\/wp\/v2\/types\/page"}],"author":[{"embeddable":true,"href":"http:\/\/zannonimedia.com\/es\/wp-json\/wp\/v2\/users\/1"}],"replies":[{"embeddable":true,"href":"http:\/\/zannonimedia.com\/es\/wp-json\/wp\/v2\/comments?post=389"}],"version-history":[{"count":12,"href":"http:\/\/zannonimedia.com\/es\/wp-json\/wp\/v2\/pages\/389\/revisions"}],"predecessor-version":[{"id":4356,"href":"http:\/\/zannonimedia.com\/es\/wp-json\/wp\/v2\/pages\/389\/revisions\/4356"}],"wp:attachment":[{"href":"http:\/\/zannonimedia.com\/es\/wp-json\/wp\/v2\/media?parent=389"}],"curies":[{"name":"wp","href":"https:\/\/api.w.org\/{rel}","templated":true}]}}