{"id":395,"date":"2017-02-17T00:17:19","date_gmt":"2017-02-17T00:17:19","guid":{"rendered":"http:\/\/zannonimedia.com\/privacy-policy\/"},"modified":"2017-06-29T09:46:37","modified_gmt":"2017-06-29T09:46:37","slug":"politica-de-privacidad","status":"publish","type":"page","link":"http:\/\/zannonimedia.com\/es\/politica-de-privacidad\/","title":{"rendered":"Pol\u00edtica de Privacidad"},"content":{"rendered":"<p>En cumplimiento de la Ley Org\u00e1nica 15\/1999, de 13 de diciembre, de Protecci\u00f3n de Datos de Car\u00e1cter Personal, le informamos que los datos facilitados a trav\u00e9s de este formulario y recibidos correos electr\u00f3nicos solicitando informaci\u00f3n sobre nuestros productos y servicios ser\u00e1n incluidos en nuestros ficheros , A fin de satisfacer tal solicitud. Tambi\u00e9n solicitamos su consentimiento para el env\u00edo de nuestras ofertas, promociones, eventos y comunicaciones de cortes\u00eda por cualquier medio (SMS, fax, e-mail, MMS, etc.).<\/p>\n<p>Consentimiento significa prestado siempre y cuando no comuniquen por escrito la revocaci\u00f3n de la misma. Usted puede ejercer en cualquier momento los derechos de acceso, rectificaci\u00f3n, cancelaci\u00f3n y oposici\u00f3n por escrito, adjuntando una copia del DNI ante el <strong> Zannoni Media Advisors archivo a la siguiente el derecho de acceso, rectificaci\u00f3n, cancelaci\u00f3n y Oposici\u00f3n en los t\u00e9rminos establecidos en la ley org\u00e1nica 15\/1999 por notificaci\u00f3n copia escrita de ID a <a href=\"mailto:david@zannonimedia.com\"> david@zannonimedia.com <\/a><\/strong><\/p>\n","protected":false},"excerpt":{"rendered":"<p>En cumplimiento de la Ley Org\u00e1nica 15\/1999, de 13 de diciembre, de Protecci\u00f3n de Datos de Car\u00e1cter Personal, le informamos que los datos facilitados a trav\u00e9s de este formulario y&#8230;<\/p>\n","protected":false},"author":1,"featured_media":0,"parent":0,"menu_order":0,"comment_status":"closed","ping_status":"closed","template":"","meta":{"footnotes":""},"class_list":["post-395","page","type-page","status-publish","hentry"],"_links":{"self":[{"href":"http:\/\/zannonimedia.com\/es\/wp-json\/wp\/v2\/pages\/395","targetHints":{"allow":["GET"]}}],"collection":[{"href":"http:\/\/zannonimedia.com\/es\/wp-json\/wp\/v2\/pages"}],"about":[{"href":"http:\/\/zannonimedia.com\/es\/wp-json\/wp\/v2\/types\/page"}],"author":[{"embeddable":true,"href":"http:\/\/zannonimedia.com\/es\/wp-json\/wp\/v2\/users\/1"}],"replies":[{"embeddable":true,"href":"http:\/\/zannonimedia.com\/es\/wp-json\/wp\/v2\/comments?post=395"}],"version-history":[{"count":6,"href":"http:\/\/zannonimedia.com\/es\/wp-json\/wp\/v2\/pages\/395\/revisions"}],"predecessor-version":[{"id":506,"href":"http:\/\/zannonimedia.com\/es\/wp-json\/wp\/v2\/pages\/395\/revisions\/506"}],"wp:attachment":[{"href":"http:\/\/zannonimedia.com\/es\/wp-json\/wp\/v2\/media?parent=395"}],"curies":[{"name":"wp","href":"https:\/\/api.w.org\/{rel}","templated":true}]}}