{"id":404,"date":"2017-02-21T17:21:07","date_gmt":"2017-02-21T17:21:07","guid":{"rendered":"http:\/\/zannonimedia.com\/about-us\/"},"modified":"2017-06-28T08:25:33","modified_gmt":"2017-06-28T08:25:33","slug":"acerca-de-nosotros","status":"publish","type":"page","link":"http:\/\/zannonimedia.com\/es\/acerca-de-nosotros\/","title":{"rendered":"Acerca de nosotros"},"content":{"rendered":"[vc_row type=\u00bbin_container\u00bb full_screen_row_position=\u00bbmiddle\u00bb scene_position=\u00bbcenter\u00bb text_color=\u00bbdark\u00bb text_align=\u00bbleft\u00bb top_padding=\u00bb120&#8243; bottom_padding=\u00bb100&#8243; overlay_strength=\u00bb0.3&#8243;][vc_column centered_text=\u00bbtrue\u00bb column_padding=\u00bbpadding-5-percent\u00bb column_padding_position=\u00bbleft-right\u00bb background_color_opacity=\u00bb1&#8243; background_hover_color_opacity=\u00bb1&#8243; width=\u00bb1\/1&#8243; tablet_text_alignment=\u00bbdefault\u00bb phone_text_alignment=\u00bbdefault\u00bb][vc_column_text]<img loading=\"lazy\" decoding=\"async\" class=\"aligncenter size-full wp-image-13\" src=\"http:\/\/zannonimedia.com\/wp-content\/uploads\/2017\/02\/favicon.png\" alt=\"\" width=\"48\" height=\"48\" \/>[\/vc_column_text]<div class=\"divider-wrap\"><div style=\"margin-top: 20px; width: 60px; height: 1px; margin-bottom: 20px;\" data-width=\"60\" data-animate=\"\" data-animation-delay=\"\" data-color=\"accent-color\" class=\"divider-small-border\"><\/div><\/div>[vc_column_text]\n<h5><strong>Zannoni Media Advisors es una firma de asesor\u00eda con enfoque en la industria cinematogr\u00e1fica y de televisi\u00f3n independiente. <\/strong><\/h5>\n<p>Apoyamos a productores, agentes de ventas, financiadores, inversores, proveedores de servicios y otros talentos que est\u00e1n buscando realizar proyectos y emprendimientos en la industria global.<\/p>\n<div class=\"su-spacer\" style=\"height:20px\"><\/div>\n<h5><strong>David Zannoni ha trabajado en la industria audiovisual desde el a\u00f1o 2007.<\/strong><\/h5>\n<p>Se ha enfocado en negocios y transacciones dentro y entre Estados Unidos, Latinoam\u00e9rica y Espa\u00f1a. Durante su carrera, ha trabajado en m\u00e1s de 300 proyectos cinematogr\u00e1ficos y de televisi\u00f3n independientes. David ha creado una red extensa entre productores de Pel\u00edculas y Televisi\u00f3n, financiadores, banqueros, agentes de ventas, firmas legales, proveedores de servicios, talentos y agencias de talento.<\/p>\n<p>Su mayor experiencia es en la gesti\u00f3n de cuentas de cobro, proveedores de servicio internacionales, el cine latinoamericano, desarrollo de negocios, emprendimiento y redes de negocios. David ha estado presente de manera continua en los mercados cinematogr\u00e1ficos globales y festivales y es un invitado regular de conferencias cinematogr\u00e1ficas y televisi\u00f3n.[\/vc_column_text][\/vc_column][\/vc_row][vc_row type=\u00bbfull_width_background\u00bb full_screen_row_position=\u00bbmiddle\u00bb bg_image=\u00bb70&#8243; bg_position=\u00bbleft top\u00bb bg_repeat=\u00bbno-repeat\u00bb parallax_bg=\u00bbtrue\u00bb parallax_bg_speed=\u00bbmedium\u00bb bg_color=\u00bb#31393c\u00bb scene_position=\u00bbcenter\u00bb text_color=\u00bblight\u00bb text_align=\u00bbcenter\u00bb top_padding=\u00bb140&#8243; bottom_padding=\u00bb130&#8243; overlay_strength=\u00bb0.3&#8243;][vc_column column_padding=\u00bbno-extra-padding\u00bb column_padding_position=\u00bball\u00bb background_color_opacity=\u00bb1&#8243; background_hover_color_opacity=\u00bb1&#8243; width=\u00bb1\/1&#8243; tablet_text_alignment=\u00bbdefault\u00bb phone_text_alignment=\u00bbdefault\u00bb][vc_column_text]\n<h3><span style=\"font-size: 42px;\">\u00bfBuscas apoyo en los mercados internacionales?<\/span><\/h3>\n<h4>Te ofrecemos nuestra red global y conocimiento de los mercados.<\/h4>\n<div class=\"divider-wrap\"><div style=\"height: 10px;\" class=\"divider\"><\/div><\/div>\n<a class=\"nectar-button medium see-through-2\"  href=\"\/es\/contact\/\" data-color-override=\"#ffffff\"  data-hover-color-override=\"#374042\" data-hover-text-color-override=\"#fff\"><span>VAMOS CONECTARNOS Y HABLEMOS DE NEGOCIO<\/span><\/a>[\/vc_column_text][\/vc_column][\/vc_row]\n","protected":false},"excerpt":{"rendered":"<p>[vc_row type=\u00bbin_container\u00bb full_screen_row_position=\u00bbmiddle\u00bb scene_position=\u00bbcenter\u00bb text_color=\u00bbdark\u00bb text_align=\u00bbleft\u00bb top_padding=\u00bb120&#8243; bottom_padding=\u00bb100&#8243; overlay_strength=\u00bb0.3&#8243;][vc_column centered_text=\u00bbtrue\u00bb column_padding=\u00bbpadding-5-percent\u00bb column_padding_position=\u00bbleft-right\u00bb background_color_opacity=\u00bb1&#8243; background_hover_color_opacity=\u00bb1&#8243; width=\u00bb1\/1&#8243; tablet_text_alignment=\u00bbdefault\u00bb phone_text_alignment=\u00bbdefault\u00bb][vc_column_text][\/vc_column_text][vc_column_text] Zannoni Media Advisors es una firma de asesor\u00eda con enfoque en la industria&#8230;<\/p>\n","protected":false},"author":1,"featured_media":0,"parent":0,"menu_order":0,"comment_status":"closed","ping_status":"closed","template":"","meta":{"footnotes":""},"class_list":["post-404","page","type-page","status-publish","hentry"],"_links":{"self":[{"href":"http:\/\/zannonimedia.com\/es\/wp-json\/wp\/v2\/pages\/404","targetHints":{"allow":["GET"]}}],"collection":[{"href":"http:\/\/zannonimedia.com\/es\/wp-json\/wp\/v2\/pages"}],"about":[{"href":"http:\/\/zannonimedia.com\/es\/wp-json\/wp\/v2\/types\/page"}],"author":[{"embeddable":true,"href":"http:\/\/zannonimedia.com\/es\/wp-json\/wp\/v2\/users\/1"}],"replies":[{"embeddable":true,"href":"http:\/\/zannonimedia.com\/es\/wp-json\/wp\/v2\/comments?post=404"}],"version-history":[{"count":4,"href":"http:\/\/zannonimedia.com\/es\/wp-json\/wp\/v2\/pages\/404\/revisions"}],"predecessor-version":[{"id":411,"href":"http:\/\/zannonimedia.com\/es\/wp-json\/wp\/v2\/pages\/404\/revisions\/411"}],"wp:attachment":[{"href":"http:\/\/zannonimedia.com\/es\/wp-json\/wp\/v2\/media?parent=404"}],"curies":[{"name":"wp","href":"https:\/\/api.w.org\/{rel}","templated":true}]}}