{"id":416,"date":"2017-03-20T08:58:55","date_gmt":"2017-03-20T08:58:55","guid":{"rendered":"http:\/\/zannonimedia.com\/blog\/"},"modified":"2017-06-24T05:54:28","modified_gmt":"2017-06-24T05:54:28","slug":"blog","status":"publish","type":"page","link":"http:\/\/zannonimedia.com\/es\/blog\/","title":{"rendered":"Blog"},"content":{"rendered":"[vc_row type=\u00bbin_container\u00bb full_screen_row_position=\u00bbmiddle\u00bb scene_position=\u00bbcenter\u00bb text_color=\u00bbdark\u00bb text_align=\u00bbleft\u00bb top_padding=\u00bb70&#8243; bottom_padding=\u00bb60&#8243; overlay_strength=\u00bb0.3&#8243;][vc_column column_padding=\u00bbno-extra-padding\u00bb column_padding_position=\u00bball\u00bb background_color_opacity=\u00bb1&#8243; background_hover_color_opacity=\u00bb1&#8243; width=\u00bb1\/1&#8243; tablet_text_alignment=\u00bbdefault\u00bb phone_text_alignment=\u00bbdefault\u00bb]\t\n\t<div class=\"row\">\n\t\n\t <div id=\"post-area\" class=\"col span_12 col_last masonry classic  \" > <div class=\"posts-container\" data-load-animation=\"none\">\t\t\t\t\n\t\t\t\t\n\t\t\t\t\n<article id=\"post-4448\" class=\"regular post-4448 post type-post status-publish format-standard has-post-thumbnail hentry category-cuentas-de-cobro category-financiacion-de-cine category-produccion-independiente tag-cine-independiente tag-coproduccion tag-cuenta-de-cobro tag-cuenta-de-escrow tag-cuentas-de-cobro tag-escrow tag-financiador tag-inversor tag-produccion-audiovisual tag-produccion-de-cine tag-produccion-independiente tag-produccion-internacional\">\n\n\t<div class=\"inner-wrap animated\">\n\n\t\t<div class=\"post-content\">\n\t\t\t\n\t\t\t\t\t\t\t\n\t\t\t\t\t\t\t\t\n\t\t\t\t<div class=\"post-meta \">\n\t\t\t\t\t\n\t\t\t\t\t\t\t\t\t\t\n\t\t\t\t\t<div class=\"date\">\n\t\t\t\t\t\t10 abril, 2023\t\t\t\t\t<\/div><!--\/date-->\n\t\t\t\t\t\n\t\t\t\t\t\n\t\t\t\t\t \n\t\t\t\t\t\t<div class=\"nectar-love-wrap\">\n\t\t\t\t\t\t\t<a href=\"#\" class=\"nectar-love\" id=\"nectar-love-4448\" title=\"Love this\"> <div class=\"heart-wrap\"><i class=\"icon-salient-heart-2\"><\/i> <i class=\"icon-salient-heart loved\"><\/i><\/div><span class=\"nectar-love-count\">0<\/span><\/a>\t\t\t\t\t\t<\/div><!--\/nectar-love-wrap-->\t\n\t\t\t\t\t\t\t\t\t<\/div><!--\/post-meta-->\n\t\t\t\t\n\t\t\t\t\t\t\n\t\t\t\n\t\t\t<div class=\"content-inner\">\n\t\t\t\t\n\t\t\t\t<a href=\"http:\/\/zannonimedia.com\/es\/financiador-produccion-cine\/\"><span class=\"post-featured-img\"><img loading=\"lazy\" decoding=\"async\" width=\"1024\" height=\"680\" src=\"http:\/\/zannonimedia.com\/wp-content\/uploads\/2023\/04\/financiador-escrow-cine-independiente-1024x680.jpg\" class=\"attachment-large size-large wp-post-image\" alt=\"financiaci\u00f3n de cine\" title=\"\" srcset=\"http:\/\/zannonimedia.com\/wp-content\/uploads\/2023\/04\/financiador-escrow-cine-independiente-1024x680.jpg 1024w, http:\/\/zannonimedia.com\/wp-content\/uploads\/2023\/04\/financiador-escrow-cine-independiente-600x398.jpg 600w, http:\/\/zannonimedia.com\/wp-content\/uploads\/2023\/04\/financiador-escrow-cine-independiente-768x510.jpg 768w, http:\/\/zannonimedia.com\/wp-content\/uploads\/2023\/04\/financiador-escrow-cine-independiente.jpg 1920w\" sizes=\"auto, (max-width: 1024px) 100vw, 1024px\" \/><\/span><\/a>\t\t\t\t\n\t\t\t\t\n\t\t\t\t\t\n\t\t\t\t\t<div class=\"article-content-wrap\">\n\n\t\t\t\t\t\t<div class=\"post-header\">\n\t\t\t\t\t\t\t\t\n\t\t\t\t\t\t\t<h2 class=\"title\">\n\t\t\t\t\t\t\t\t \n\t\t\t\t\t\t\t\t\t<a href=\"http:\/\/zannonimedia.com\/es\/financiador-produccion-cine\/\">\t\t\t\t\t\t\t\t\t\tC\u00f3mo proteger al financiador en la producci\u00f3n de cine independiente\t\t\t\t\t\t\t\t\t <\/a> \n\t\t\t\t\t\t\t\t\t\t\t\t\t\t\t<\/h2>\n\n\t\t\t\t\t\t\t \n\t\t\t\t\t\t\t\t<span class=\"meta-author\"><span>By<\/span> <a href=\"http:\/\/zannonimedia.com\/es\/author\/david-zannoni\/\" title=\"Entradas de David\" rel=\"author\">David<\/a><\/span> <span class=\"meta-category\">| <a href=\"http:\/\/zannonimedia.com\/es\/category\/cuentas-de-cobro\/\">Cuentas de cobro<\/a>, <a href=\"http:\/\/zannonimedia.com\/es\/category\/financiacion-de-cine\/\">Financiaci\u00f3n de cine<\/a>, <a href=\"http:\/\/zannonimedia.com\/es\/category\/produccion-independiente\/\">Producci\u00f3n independiente<\/a><\/span> <span class=\"meta-comment-count\">| <a href=\"http:\/\/zannonimedia.com\/es\/financiador-produccion-cine\/#respond\">\n\t\t\t\t\t\t\t\tNo Comments<\/a><\/span>\n\t\t\t\t\t\t\t\t\t\t\t\t\t<\/div><!--\/post-header-->\n\t\t\t\t\t<div class=\"excerpt\"><p>El financiador tiene una posici\u00f3n destacada en las pel\u00edculas producidas y distribuidas de forma independiente. En la industria del cine independiente, la participaci\u00f3n de financiadores externos en la financiaci\u00f3n de&#8230;<\/p>\n<\/div><a class=\"more-link\" href=\"http:\/\/zannonimedia.com\/es\/financiador-produccion-cine\/\"><span class=\"continue-reading\">Read More<\/span><\/a>\t\t\t\t\t\t\n\t\t\t\t\t<\/div><!--article-content-wrap-->\n\n\t\t\t\t\t\t\t\t\n\t\t\t   \n\t\t\t\t\t\t\t\t\n\t\t\t\t\t\t\t\t\t\n\t\t\t<\/div><!--\/content-inner-->\n\t\t\t\n\t\t<\/div><!--\/post-content-->\n\n\t<\/div><!--\/inner-wrap-->\n\t\t\n<\/article><!--\/article-->\n\t\t\t\t\t\t\t\n\t\t\t\t\n\t\t\t\t\n<article id=\"post-3045\" class=\"regular post-3045 post type-post status-publish format-standard has-post-thumbnail hentry category-cuentas-de-cobro category-esquema-de-reparto category-produccion-independiente tag-coproduccion tag-cuenta-de-cobro tag-cuentas-de-cobro tag-esquema-de-reparto tag-produccion-audiovisual tag-produccion-de-cine tag-produccion-independiente tag-produccion-internacional\">\n\n\t<div class=\"inner-wrap animated\">\n\n\t\t<div class=\"post-content\">\n\t\t\t\n\t\t\t\t\t\t\t\n\t\t\t\t\t\t\t\t\n\t\t\t\t<div class=\"post-meta \">\n\t\t\t\t\t\n\t\t\t\t\t\t\t\t\t\t\n\t\t\t\t\t<div class=\"date\">\n\t\t\t\t\t\t22 julio, 2022\t\t\t\t\t<\/div><!--\/date-->\n\t\t\t\t\t\n\t\t\t\t\t\n\t\t\t\t\t \n\t\t\t\t\t\t<div class=\"nectar-love-wrap\">\n\t\t\t\t\t\t\t<a href=\"#\" class=\"nectar-love\" id=\"nectar-love-3045\" title=\"Love this\"> <div class=\"heart-wrap\"><i class=\"icon-salient-heart-2\"><\/i> <i class=\"icon-salient-heart loved\"><\/i><\/div><span class=\"nectar-love-count\">0<\/span><\/a>\t\t\t\t\t\t<\/div><!--\/nectar-love-wrap-->\t\n\t\t\t\t\t\t\t\t\t<\/div><!--\/post-meta-->\n\t\t\t\t\n\t\t\t\t\t\t\n\t\t\t\n\t\t\t<div class=\"content-inner\">\n\t\t\t\t\n\t\t\t\t<a href=\"http:\/\/zannonimedia.com\/es\/esquema-de-reparto-proyecto-audiovisual\/\"><span class=\"post-featured-img\"><img loading=\"lazy\" decoding=\"async\" width=\"1024\" height=\"733\" src=\"http:\/\/zannonimedia.com\/wp-content\/uploads\/2022\/07\/esquema-de-reparto-produccion-audiovisual-1024x733.jpg\" class=\"attachment-large size-large wp-post-image\" alt=\"esquema de reparto produccion audiovisual\" title=\"\" srcset=\"http:\/\/zannonimedia.com\/wp-content\/uploads\/2022\/07\/esquema-de-reparto-produccion-audiovisual-1024x733.jpg 1024w, http:\/\/zannonimedia.com\/wp-content\/uploads\/2022\/07\/esquema-de-reparto-produccion-audiovisual-600x430.jpg 600w, http:\/\/zannonimedia.com\/wp-content\/uploads\/2022\/07\/esquema-de-reparto-produccion-audiovisual-768x550.jpg 768w, http:\/\/zannonimedia.com\/wp-content\/uploads\/2022\/07\/esquema-de-reparto-produccion-audiovisual.jpg 1920w\" sizes=\"auto, (max-width: 1024px) 100vw, 1024px\" \/><\/span><\/a>\t\t\t\t\n\t\t\t\t\n\t\t\t\t\t\n\t\t\t\t\t<div class=\"article-content-wrap\">\n\n\t\t\t\t\t\t<div class=\"post-header\">\n\t\t\t\t\t\t\t\t\n\t\t\t\t\t\t\t<h2 class=\"title\">\n\t\t\t\t\t\t\t\t \n\t\t\t\t\t\t\t\t\t<a href=\"http:\/\/zannonimedia.com\/es\/esquema-de-reparto-proyecto-audiovisual\/\">\t\t\t\t\t\t\t\t\t\tEl esquema de reparto, importante para proyectos audiovisuales\t\t\t\t\t\t\t\t\t <\/a> \n\t\t\t\t\t\t\t\t\t\t\t\t\t\t\t<\/h2>\n\n\t\t\t\t\t\t\t \n\t\t\t\t\t\t\t\t<span class=\"meta-author\"><span>By<\/span> <a href=\"http:\/\/zannonimedia.com\/es\/author\/david-zannoni\/\" title=\"Entradas de David\" rel=\"author\">David<\/a><\/span> <span class=\"meta-category\">| <a href=\"http:\/\/zannonimedia.com\/es\/category\/cuentas-de-cobro\/\">Cuentas de cobro<\/a>, <a href=\"http:\/\/zannonimedia.com\/es\/category\/esquema-de-reparto\/\">Esquema de reparto<\/a>, <a href=\"http:\/\/zannonimedia.com\/es\/category\/produccion-independiente\/\">Producci\u00f3n independiente<\/a><\/span> <span class=\"meta-comment-count\">| <a href=\"http:\/\/zannonimedia.com\/es\/esquema-de-reparto-proyecto-audiovisual\/#respond\">\n\t\t\t\t\t\t\t\tNo Comments<\/a><\/span>\n\t\t\t\t\t\t\t\t\t\t\t\t\t<\/div><!--\/post-header-->\n\t\t\t\t\t<div class=\"excerpt\"><p>Es habitual que los proyectos audiovisuales tengan un esquema de reparto. El esquema de reparto tambi\u00e9n se acostumbra denominar cascada (\u201cwaterfall\u201d en ingl\u00e9s). \u00a0Representa el cronograma de pagos del proyecto&#8230;<\/p>\n<\/div><a class=\"more-link\" href=\"http:\/\/zannonimedia.com\/es\/esquema-de-reparto-proyecto-audiovisual\/\"><span class=\"continue-reading\">Read More<\/span><\/a>\t\t\t\t\t\t\n\t\t\t\t\t<\/div><!--article-content-wrap-->\n\n\t\t\t\t\t\t\t\t\n\t\t\t   \n\t\t\t\t\t\t\t\t\n\t\t\t\t\t\t\t\t\t\n\t\t\t<\/div><!--\/content-inner-->\n\t\t\t\n\t\t<\/div><!--\/post-content-->\n\n\t<\/div><!--\/inner-wrap-->\n\t\t\n<\/article><!--\/article-->\n\t\t\t\t\t\t\t\n\t\t\t\t\n\t\t\t\t\n<article id=\"post-2986\" class=\"regular post-2986 post type-post status-publish format-standard has-post-thumbnail hentry category-cuentas-de-cobro tag-cine-independiente tag-coproduccion tag-cuenta-de-cobro tag-cuentas-de-cobro tag-produccion-audiovisual tag-produccion-de-cine tag-produccion-internacional\">\n\n\t<div class=\"inner-wrap animated\">\n\n\t\t<div class=\"post-content\">\n\t\t\t\n\t\t\t\t\t\t\t\n\t\t\t\t\t\t\t\t\n\t\t\t\t<div class=\"post-meta \">\n\t\t\t\t\t\n\t\t\t\t\t\t\t\t\t\t\n\t\t\t\t\t<div class=\"date\">\n\t\t\t\t\t\t15 julio, 2022\t\t\t\t\t<\/div><!--\/date-->\n\t\t\t\t\t\n\t\t\t\t\t\n\t\t\t\t\t \n\t\t\t\t\t\t<div class=\"nectar-love-wrap\">\n\t\t\t\t\t\t\t<a href=\"#\" class=\"nectar-love\" id=\"nectar-love-2986\" title=\"Love this\"> <div class=\"heart-wrap\"><i class=\"icon-salient-heart-2\"><\/i> <i class=\"icon-salient-heart loved\"><\/i><\/div><span class=\"nectar-love-count\">0<\/span><\/a>\t\t\t\t\t\t<\/div><!--\/nectar-love-wrap-->\t\n\t\t\t\t\t\t\t\t\t<\/div><!--\/post-meta-->\n\t\t\t\t\n\t\t\t\t\t\t\n\t\t\t\n\t\t\t<div class=\"content-inner\">\n\t\t\t\t\n\t\t\t\t<a href=\"http:\/\/zannonimedia.com\/es\/cuenta-de-cobro-pelicula-serie\/\"><span class=\"post-featured-img\"><img loading=\"lazy\" decoding=\"async\" width=\"1024\" height=\"683\" src=\"http:\/\/zannonimedia.com\/wp-content\/uploads\/2022\/07\/binding-contract-g74c33cb1e_1920-1024x683.jpg\" class=\"attachment-large size-large wp-post-image\" alt=\"\" title=\"\" srcset=\"http:\/\/zannonimedia.com\/wp-content\/uploads\/2022\/07\/binding-contract-g74c33cb1e_1920-1024x683.jpg 1024w, http:\/\/zannonimedia.com\/wp-content\/uploads\/2022\/07\/binding-contract-g74c33cb1e_1920-600x400.jpg 600w, http:\/\/zannonimedia.com\/wp-content\/uploads\/2022\/07\/binding-contract-g74c33cb1e_1920-768x512.jpg 768w, http:\/\/zannonimedia.com\/wp-content\/uploads\/2022\/07\/binding-contract-g74c33cb1e_1920.jpg 1920w\" sizes=\"auto, (max-width: 1024px) 100vw, 1024px\" \/><\/span><\/a>\t\t\t\t\n\t\t\t\t\n\t\t\t\t\t\n\t\t\t\t\t<div class=\"article-content-wrap\">\n\n\t\t\t\t\t\t<div class=\"post-header\">\n\t\t\t\t\t\t\t\t\n\t\t\t\t\t\t\t<h2 class=\"title\">\n\t\t\t\t\t\t\t\t \n\t\t\t\t\t\t\t\t\t<a href=\"http:\/\/zannonimedia.com\/es\/cuenta-de-cobro-pelicula-serie\/\">\t\t\t\t\t\t\t\t\t\tIngresos de cine y televisi\u00f3n: gesti\u00f3n de una cuenta de cobro\t\t\t\t\t\t\t\t\t <\/a> \n\t\t\t\t\t\t\t\t\t\t\t\t\t\t\t<\/h2>\n\n\t\t\t\t\t\t\t \n\t\t\t\t\t\t\t\t<span class=\"meta-author\"><span>By<\/span> <a href=\"http:\/\/zannonimedia.com\/es\/author\/david-zannoni\/\" title=\"Entradas de David\" rel=\"author\">David<\/a><\/span> <span class=\"meta-category\">| <a href=\"http:\/\/zannonimedia.com\/es\/category\/cuentas-de-cobro\/\">Cuentas de cobro<\/a><\/span> <span class=\"meta-comment-count\">| <a href=\"http:\/\/zannonimedia.com\/es\/cuenta-de-cobro-pelicula-serie\/#respond\">\n\t\t\t\t\t\t\t\tNo Comments<\/a><\/span>\n\t\t\t\t\t\t\t\t\t\t\t\t\t<\/div><!--\/post-header-->\n\t\t\t\t\t<div class=\"excerpt\"><p>En este art\u00edculo explicaremos el prop\u00f3sito y los beneficios de la gesti\u00f3n de una cuenta de cobro para productores de cine y televisi\u00f3n. Una producci\u00f3n independiente de cine o televisi\u00f3n&#8230;<\/p>\n<\/div><a class=\"more-link\" href=\"http:\/\/zannonimedia.com\/es\/cuenta-de-cobro-pelicula-serie\/\"><span class=\"continue-reading\">Read More<\/span><\/a>\t\t\t\t\t\t\n\t\t\t\t\t<\/div><!--article-content-wrap-->\n\n\t\t\t\t\t\t\t\t\n\t\t\t   \n\t\t\t\t\t\t\t\t\n\t\t\t\t\t\t\t\t\t\n\t\t\t<\/div><!--\/content-inner-->\n\t\t\t\n\t\t<\/div><!--\/post-content-->\n\n\t<\/div><!--\/inner-wrap-->\n\t\t\n<\/article><!--\/article-->\n\t\t\t\t\t\t\t\n\t\t\t\t\n\t\t\t\t\n<article id=\"post-2954\" class=\"regular post-2954 post type-post status-publish format-standard has-post-thumbnail hentry category-turismo-de-pantalla tag-produccion-audiovisual tag-produccion-de-cine tag-produccion-internacional tag-turismo tag-turismo-cinematografico tag-turismo-de-pantalla\">\n\n\t<div class=\"inner-wrap animated\">\n\n\t\t<div class=\"post-content\">\n\t\t\t\n\t\t\t\t\t\t\t\n\t\t\t\t\t\t\t\t\n\t\t\t\t<div class=\"post-meta \">\n\t\t\t\t\t\n\t\t\t\t\t\t\t\t\t\t\n\t\t\t\t\t<div class=\"date\">\n\t\t\t\t\t\t10 julio, 2022\t\t\t\t\t<\/div><!--\/date-->\n\t\t\t\t\t\n\t\t\t\t\t\n\t\t\t\t\t \n\t\t\t\t\t\t<div class=\"nectar-love-wrap\">\n\t\t\t\t\t\t\t<a href=\"#\" class=\"nectar-love\" id=\"nectar-love-2954\" title=\"Love this\"> <div class=\"heart-wrap\"><i class=\"icon-salient-heart-2\"><\/i> <i class=\"icon-salient-heart loved\"><\/i><\/div><span class=\"nectar-love-count\">0<\/span><\/a>\t\t\t\t\t\t<\/div><!--\/nectar-love-wrap-->\t\n\t\t\t\t\t\t\t\t\t<\/div><!--\/post-meta-->\n\t\t\t\t\n\t\t\t\t\t\t\n\t\t\t\n\t\t\t<div class=\"content-inner\">\n\t\t\t\t\n\t\t\t\t<a href=\"http:\/\/zannonimedia.com\/es\/turismo-de-pantalla\/\"><span class=\"post-featured-img\"><img loading=\"lazy\" decoding=\"async\" width=\"1024\" height=\"575\" src=\"http:\/\/zannonimedia.com\/wp-content\/uploads\/2022\/07\/beach-g5d63041a0_1280-1024x575.jpg\" class=\"attachment-large size-large wp-post-image\" alt=\"turismo de pantalla\" title=\"\" srcset=\"http:\/\/zannonimedia.com\/wp-content\/uploads\/2022\/07\/beach-g5d63041a0_1280-1024x575.jpg 1024w, http:\/\/zannonimedia.com\/wp-content\/uploads\/2022\/07\/beach-g5d63041a0_1280-600x337.jpg 600w, http:\/\/zannonimedia.com\/wp-content\/uploads\/2022\/07\/beach-g5d63041a0_1280-768x431.jpg 768w, http:\/\/zannonimedia.com\/wp-content\/uploads\/2022\/07\/beach-g5d63041a0_1280.jpg 1280w\" sizes=\"auto, (max-width: 1024px) 100vw, 1024px\" \/><\/span><\/a>\t\t\t\t\n\t\t\t\t\n\t\t\t\t\t\n\t\t\t\t\t<div class=\"article-content-wrap\">\n\n\t\t\t\t\t\t<div class=\"post-header\">\n\t\t\t\t\t\t\t\t\n\t\t\t\t\t\t\t<h2 class=\"title\">\n\t\t\t\t\t\t\t\t \n\t\t\t\t\t\t\t\t\t<a href=\"http:\/\/zannonimedia.com\/es\/turismo-de-pantalla\/\">\t\t\t\t\t\t\t\t\t\tUna gu\u00eda del turismo de pantalla para cineastas\t\t\t\t\t\t\t\t\t <\/a> \n\t\t\t\t\t\t\t\t\t\t\t\t\t\t\t<\/h2>\n\n\t\t\t\t\t\t\t \n\t\t\t\t\t\t\t\t<span class=\"meta-author\"><span>By<\/span> <a href=\"http:\/\/zannonimedia.com\/es\/author\/david-zannoni\/\" title=\"Entradas de David\" rel=\"author\">David<\/a><\/span> <span class=\"meta-category\">| <a href=\"http:\/\/zannonimedia.com\/es\/category\/turismo-de-pantalla\/\">Turismo de pantalla<\/a><\/span> <span class=\"meta-comment-count\">| <a href=\"http:\/\/zannonimedia.com\/es\/turismo-de-pantalla\/#respond\">\n\t\t\t\t\t\t\t\tNo Comments<\/a><\/span>\n\t\t\t\t\t\t\t\t\t\t\t\t\t<\/div><!--\/post-header-->\n\t\t\t\t\t<div class=\"excerpt\"><p>Desde mi nombramiento como delegado de la C\u00e1mara Nacional de la Industria Cinematogr\u00e1fica de M\u00e9xico (CANACINE) para el Estado de Quintana Roo, tambi\u00e9n conocido como el Caribe Mexicano, me he&#8230;<\/p>\n<\/div><a class=\"more-link\" href=\"http:\/\/zannonimedia.com\/es\/turismo-de-pantalla\/\"><span class=\"continue-reading\">Read More<\/span><\/a>\t\t\t\t\t\t\n\t\t\t\t\t<\/div><!--article-content-wrap-->\n\n\t\t\t\t\t\t\t\t\n\t\t\t   \n\t\t\t\t\t\t\t\t\n\t\t\t\t\t\t\t\t\t\n\t\t\t<\/div><!--\/content-inner-->\n\t\t\t\n\t\t<\/div><!--\/post-content-->\n\n\t<\/div><!--\/inner-wrap-->\n\t\t\n<\/article><!--\/article-->\n\t\t\t\t\t\t\t\n\t\t\t\t\n\t\t\t\t\n<article id=\"post-488\" class=\"regular post-488 post type-post status-publish format-standard has-post-thumbnail hentry category-blog\">\n\n\t<div class=\"inner-wrap animated\">\n\n\t\t<div class=\"post-content\">\n\t\t\t\n\t\t\t\t\t\t\t\n\t\t\t\t\t\t\t\t\n\t\t\t\t<div class=\"post-meta \">\n\t\t\t\t\t\n\t\t\t\t\t\t\t\t\t\t\n\t\t\t\t\t<div class=\"date\">\n\t\t\t\t\t\t20 marzo, 2017\t\t\t\t\t<\/div><!--\/date-->\n\t\t\t\t\t\n\t\t\t\t\t\n\t\t\t\t\t \n\t\t\t\t\t\t<div class=\"nectar-love-wrap\">\n\t\t\t\t\t\t\t<a href=\"#\" class=\"nectar-love\" id=\"nectar-love-488\" title=\"Love this\"> <div class=\"heart-wrap\"><i class=\"icon-salient-heart-2\"><\/i> <i class=\"icon-salient-heart loved\"><\/i><\/div><span class=\"nectar-love-count\">0<\/span><\/a>\t\t\t\t\t\t<\/div><!--\/nectar-love-wrap-->\t\n\t\t\t\t\t\t\t\t\t<\/div><!--\/post-meta-->\n\t\t\t\t\n\t\t\t\t\t\t\n\t\t\t\n\t\t\t<div class=\"content-inner\">\n\t\t\t\t\n\t\t\t\t<a href=\"http:\/\/zannonimedia.com\/es\/4-beneficios-crear-una-cuenta-cobro-pelicula\/\"><span class=\"post-featured-img\"><img loading=\"lazy\" decoding=\"async\" width=\"1024\" height=\"683\" src=\"http:\/\/zannonimedia.com\/wp-content\/uploads\/2017\/03\/4-Benefits-of-setting-up-a-Collection-1024x683.jpg\" class=\"attachment-large size-large wp-post-image\" alt=\"Collection Accounts Film Production\" title=\"\" srcset=\"http:\/\/zannonimedia.com\/wp-content\/uploads\/2017\/03\/4-Benefits-of-setting-up-a-Collection-1024x683.jpg 1024w, http:\/\/zannonimedia.com\/wp-content\/uploads\/2017\/03\/4-Benefits-of-setting-up-a-Collection-600x400.jpg 600w, http:\/\/zannonimedia.com\/wp-content\/uploads\/2017\/03\/4-Benefits-of-setting-up-a-Collection-768x512.jpg 768w, http:\/\/zannonimedia.com\/wp-content\/uploads\/2017\/03\/4-Benefits-of-setting-up-a-Collection.jpg 1920w\" sizes=\"auto, (max-width: 1024px) 100vw, 1024px\" \/><\/span><\/a>\t\t\t\t\n\t\t\t\t\n\t\t\t\t\t\n\t\t\t\t\t<div class=\"article-content-wrap\">\n\n\t\t\t\t\t\t<div class=\"post-header\">\n\t\t\t\t\t\t\t\t\n\t\t\t\t\t\t\t<h2 class=\"title\">\n\t\t\t\t\t\t\t\t \n\t\t\t\t\t\t\t\t\t<a href=\"http:\/\/zannonimedia.com\/es\/4-beneficios-crear-una-cuenta-cobro-pelicula\/\">\t\t\t\t\t\t\t\t\t\t4 Beneficios de crear una Cuenta de Cobro para tu pel\u00edcula\t\t\t\t\t\t\t\t\t <\/a> \n\t\t\t\t\t\t\t\t\t\t\t\t\t\t\t<\/h2>\n\n\t\t\t\t\t\t\t \n\t\t\t\t\t\t\t\t<span class=\"meta-author\"><span>By<\/span> <a href=\"http:\/\/zannonimedia.com\/es\/author\/3com2906zannwp\/\" title=\"Entradas de 3COM2906ZannWP\" rel=\"author\">3COM2906ZannWP<\/a><\/span> <span class=\"meta-category\">| <a href=\"http:\/\/zannonimedia.com\/es\/category\/blog\/\">Blog<\/a><\/span> <span class=\"meta-comment-count\">| <a href=\"http:\/\/zannonimedia.com\/es\/4-beneficios-crear-una-cuenta-cobro-pelicula\/#respond\">\n\t\t\t\t\t\t\t\tNo Comments<\/a><\/span>\n\t\t\t\t\t\t\t\t\t\t\t\t\t<\/div><!--\/post-header-->\n\t\t\t\t\t<div class=\"excerpt\"><p>Actualmente en la industria cinematogr\u00e1fica es costumbre para las producciones de cine independiente tener una cuenta de Cobro. En t\u00e9rminos generales, los financiadores del proyecto, compa\u00f1\u00edas de producci\u00f3n (internacional) y&#8230;<\/p>\n<\/div><a class=\"more-link\" href=\"http:\/\/zannonimedia.com\/es\/4-beneficios-crear-una-cuenta-cobro-pelicula\/\"><span class=\"continue-reading\">Read More<\/span><\/a>\t\t\t\t\t\t\n\t\t\t\t\t<\/div><!--article-content-wrap-->\n\n\t\t\t\t\t\t\t\t\n\t\t\t   \n\t\t\t\t\t\t\t\t\n\t\t\t\t\t\t\t\t\t\n\t\t\t<\/div><!--\/content-inner-->\n\t\t\t\n\t\t<\/div><!--\/post-content-->\n\n\t<\/div><!--\/inner-wrap-->\n\t\t\n<\/article><!--\/article-->\n\t\t\t\t\t\t\n\t\t\t<\/div><!--\/posts container-->\n\t\t\t\n\t\t\t\t\t\n\t\t<\/div><!--\/span_9-->\n\t\t\n\t\t\n\t<\/div>\n\t\n\t[\/vc_column][\/vc_row]\n","protected":false},"excerpt":{"rendered":"<p>[vc_row type=\u00bbin_container\u00bb full_screen_row_position=\u00bbmiddle\u00bb scene_position=\u00bbcenter\u00bb text_color=\u00bbdark\u00bb text_align=\u00bbleft\u00bb top_padding=\u00bb70&#8243; bottom_padding=\u00bb60&#8243; overlay_strength=\u00bb0.3&#8243;][vc_column column_padding=\u00bbno-extra-padding\u00bb column_padding_position=\u00bball\u00bb background_color_opacity=\u00bb1&#8243; background_hover_color_opacity=\u00bb1&#8243; width=\u00bb1\/1&#8243; tablet_text_alignment=\u00bbdefault\u00bb phone_text_alignment=\u00bbdefault\u00bb][\/vc_column][\/vc_row]<\/p>\n","protected":false},"author":1,"featured_media":0,"parent":0,"menu_order":0,"comment_status":"closed","ping_status":"closed","template":"","meta":{"footnotes":""},"class_list":["post-416","page","type-page","status-publish","hentry"],"_links":{"self":[{"href":"http:\/\/zannonimedia.com\/es\/wp-json\/wp\/v2\/pages\/416","targetHints":{"allow":["GET"]}}],"collection":[{"href":"http:\/\/zannonimedia.com\/es\/wp-json\/wp\/v2\/pages"}],"about":[{"href":"http:\/\/zannonimedia.com\/es\/wp-json\/wp\/v2\/types\/page"}],"author":[{"embeddable":true,"href":"http:\/\/zannonimedia.com\/es\/wp-json\/wp\/v2\/users\/1"}],"replies":[{"embeddable":true,"href":"http:\/\/zannonimedia.com\/es\/wp-json\/wp\/v2\/comments?post=416"}],"version-history":[{"count":4,"href":"http:\/\/zannonimedia.com\/es\/wp-json\/wp\/v2\/pages\/416\/revisions"}],"predecessor-version":[{"id":496,"href":"http:\/\/zannonimedia.com\/es\/wp-json\/wp\/v2\/pages\/416\/revisions\/496"}],"wp:attachment":[{"href":"http:\/\/zannonimedia.com\/es\/wp-json\/wp\/v2\/media?parent=416"}],"curies":[{"name":"wp","href":"https:\/\/api.w.org\/{rel}","templated":true}]}}