{"id":420,"date":"2017-02-22T01:50:14","date_gmt":"2017-02-22T01:50:14","guid":{"rendered":"http:\/\/zannonimedia.com\/solutions\/film-tv-business-consultation\/"},"modified":"2017-06-28T08:27:16","modified_gmt":"2017-06-28T08:27:16","slug":"asesoria-negocios-peliculas-television","status":"publish","type":"page","link":"http:\/\/zannonimedia.com\/es\/servicios\/asesoria-negocios-peliculas-television\/","title":{"rendered":"Asesor\u00eda de Negocios de Pel\u00edculas y Televisi\u00f3n"},"content":{"rendered":"[vc_row type=\u00bbin_container\u00bb full_screen_row_position=\u00bbmiddle\u00bb scene_position=\u00bbcenter\u00bb text_color=\u00bbdark\u00bb text_align=\u00bbleft\u00bb top_padding=\u00bb120&#8243; bottom_padding=\u00bb100&#8243; overlay_strength=\u00bb0.3&#8243;][vc_column centered_text=\u00bbtrue\u00bb column_padding=\u00bbpadding-5-percent\u00bb column_padding_position=\u00bbleft-right\u00bb background_color_opacity=\u00bb1&#8243; background_hover_color_opacity=\u00bb1&#8243; width=\u00bb1\/1&#8243; tablet_text_alignment=\u00bbdefault\u00bb phone_text_alignment=\u00bbdefault\u00bb][vc_column_text]<img loading=\"lazy\" decoding=\"async\" class=\"aligncenter wp-image-146 size-full\" src=\"http:\/\/zannonimedia.com\/wp-content\/uploads\/2017\/02\/icon-home-2-alt.png\" width=\"128\" height=\"128\" srcset=\"http:\/\/zannonimedia.com\/wp-content\/uploads\/2017\/02\/icon-home-2-alt.png 128w, http:\/\/zannonimedia.com\/wp-content\/uploads\/2017\/02\/icon-home-2-alt-50x50.png 50w, http:\/\/zannonimedia.com\/wp-content\/uploads\/2017\/02\/icon-home-2-alt-100x100.png 100w\" sizes=\"auto, (max-width: 128px) 100vw, 128px\" \/>[\/vc_column_text]<div class=\"divider-wrap\"><div style=\"margin-top: 20px; width: 60px; height: 1px; margin-bottom: 20px;\" data-width=\"60\" data-animate=\"\" data-animation-delay=\"\" data-color=\"extra-color-2\" class=\"divider-small-border\"><\/div><\/div>[vc_column_text]\n<h4><strong>Asesor\u00eda de Negocios de Pel\u00edculas y Televisi\u00f3n<\/strong><\/h4>\n<h5>Cada proyecto cinematogr\u00e1fico o de televisi\u00f3n es diferente. Cada elemento del proceso de producci\u00f3n requiere conocimientos espec\u00edficos: grabar en una locaci\u00f3n, financiamiento independiente, incentivos, socios estrat\u00e9gicos para la producci\u00f3n o distribuci\u00f3n. Producir una pel\u00edcula o una serie de televisi\u00f3n significa dudas, dilemas y decisiones que deben ser tomadas.<\/h5>\n[\/vc_column_text][\/vc_column][\/vc_row][vc_row type=\u00bbfull_width_background\u00bb full_screen_row_position=\u00bbmiddle\u00bb bg_image=\u00bb153&#8243; bg_position=\u00bbright bottom\u00bb bg_repeat=\u00bbno-repeat\u00bb parallax_bg=\u00bbtrue\u00bb parallax_bg_speed=\u00bbmedium\u00bb bg_color=\u00bb#4b575c\u00bb scene_position=\u00bbcenter\u00bb text_color=\u00bblight\u00bb text_align=\u00bbcenter\u00bb top_padding=\u00bb140&#8243; bottom_padding=\u00bb130&#8243; overlay_strength=\u00bb0.3&#8243;][vc_column column_padding=\u00bbno-extra-padding\u00bb column_padding_position=\u00bball\u00bb background_color_opacity=\u00bb1&#8243; background_hover_color_opacity=\u00bb1&#8243; width=\u00bb1\/1&#8243; tablet_text_alignment=\u00bbdefault\u00bb phone_text_alignment=\u00bbdefault\u00bb][vc_column_text]\n<h3><span style=\"font-size: 42px;\">\u00bfEst\u00e1s buscando asesor\u00eda para tu proyecto? <\/span><\/h3>\n<h4>Ofrecemos a\u00f1os de experiencia global en la Industria Cinematogr\u00e1fica y Televisiva Global.<\/h4>\n<div class=\"divider-wrap\"><div style=\"height: 10px;\" class=\"divider\"><\/div><\/div>\n<a class=\"nectar-button medium see-through-2\"  href=\"\/es\/contact\/\" data-color-override=\"#ffffff\"  data-hover-color-override=\"#374042\" data-hover-text-color-override=\"#fff\"><span>CONTACTA CON NOSOTROS<\/span><\/a>[\/vc_column_text][\/vc_column][\/vc_row][vc_row type=\u00bbin_container\u00bb full_screen_row_position=\u00bbmiddle\u00bb scene_position=\u00bbcenter\u00bb text_color=\u00bbdark\u00bb text_align=\u00bbleft\u00bb top_padding=\u00bb120&#8243; bottom_padding=\u00bb100&#8243; overlay_strength=\u00bb0.3&#8243;][vc_column centered_text=\u00bbtrue\u00bb column_padding=\u00bbpadding-5-percent\u00bb column_padding_position=\u00bbleft-right\u00bb background_color_opacity=\u00bb1&#8243; background_hover_color_opacity=\u00bb1&#8243; width=\u00bb1\/1&#8243; tablet_text_alignment=\u00bbdefault\u00bb phone_text_alignment=\u00bbdefault\u00bb]<div class=\"divider-wrap\"><div style=\"margin-top: 20px; width: 60px; height: 1px; margin-bottom: 20px;\" data-width=\"60\" data-animate=\"\" data-animation-delay=\"\" data-color=\"accent-color\" class=\"divider-small-border\"><\/div><\/div>[vc_column_text]\n<h5>Tenemos experiencia en el sector de negocios de la producci\u00f3n de pel\u00edculas y televisi\u00f3n, financiamiento y distribuci\u00f3n. Conocemos las figuras clave en la industria audiovisual, estamos familiarizados con modelos de financiamiento independiente y coproducci\u00f3n internacionales. Podemos asistirte en tus decisiones estrat\u00e9gicas de negocios al darte asesor\u00eda de negocios especializada para tu proyecto de cinematogr\u00e1fico o de televisi\u00f3n.<\/h5>\n[\/vc_column_text][\/vc_column][\/vc_row]\n","protected":false},"excerpt":{"rendered":"<p>[vc_row type=\u00bbin_container\u00bb full_screen_row_position=\u00bbmiddle\u00bb scene_position=\u00bbcenter\u00bb text_color=\u00bbdark\u00bb text_align=\u00bbleft\u00bb top_padding=\u00bb120&#8243; bottom_padding=\u00bb100&#8243; overlay_strength=\u00bb0.3&#8243;][vc_column centered_text=\u00bbtrue\u00bb column_padding=\u00bbpadding-5-percent\u00bb column_padding_position=\u00bbleft-right\u00bb background_color_opacity=\u00bb1&#8243; background_hover_color_opacity=\u00bb1&#8243; width=\u00bb1\/1&#8243; tablet_text_alignment=\u00bbdefault\u00bb phone_text_alignment=\u00bbdefault\u00bb][vc_column_text][\/vc_column_text][vc_column_text] Asesor\u00eda de Negocios de Pel\u00edculas y Televisi\u00f3n Cada proyecto cinematogr\u00e1fico o de televisi\u00f3n&#8230;<\/p>\n","protected":false},"author":1,"featured_media":0,"parent":419,"menu_order":0,"comment_status":"closed","ping_status":"closed","template":"","meta":{"footnotes":""},"class_list":["post-420","page","type-page","status-publish","hentry"],"_links":{"self":[{"href":"http:\/\/zannonimedia.com\/es\/wp-json\/wp\/v2\/pages\/420","targetHints":{"allow":["GET"]}}],"collection":[{"href":"http:\/\/zannonimedia.com\/es\/wp-json\/wp\/v2\/pages"}],"about":[{"href":"http:\/\/zannonimedia.com\/es\/wp-json\/wp\/v2\/types\/page"}],"author":[{"embeddable":true,"href":"http:\/\/zannonimedia.com\/es\/wp-json\/wp\/v2\/users\/1"}],"replies":[{"embeddable":true,"href":"http:\/\/zannonimedia.com\/es\/wp-json\/wp\/v2\/comments?post=420"}],"version-history":[{"count":4,"href":"http:\/\/zannonimedia.com\/es\/wp-json\/wp\/v2\/pages\/420\/revisions"}],"predecessor-version":[{"id":470,"href":"http:\/\/zannonimedia.com\/es\/wp-json\/wp\/v2\/pages\/420\/revisions\/470"}],"up":[{"embeddable":true,"href":"http:\/\/zannonimedia.com\/es\/wp-json\/wp\/v2\/pages\/419"}],"wp:attachment":[{"href":"http:\/\/zannonimedia.com\/es\/wp-json\/wp\/v2\/media?parent=420"}],"curies":[{"name":"wp","href":"https:\/\/api.w.org\/{rel}","templated":true}]}}