{"id":423,"date":"2017-02-22T15:40:08","date_gmt":"2017-02-22T15:40:08","guid":{"rendered":"http:\/\/zannonimedia.com\/solutions\/latam-packaging-for-film-tv-productions\/"},"modified":"2017-06-28T08:27:33","modified_gmt":"2017-06-28T08:27:33","slug":"producciones-para-latinoamerica","status":"publish","type":"page","link":"http:\/\/zannonimedia.com\/es\/servicios\/producciones-para-latinoamerica\/","title":{"rendered":"Producciones para Latinoam\u00e9rica"},"content":{"rendered":"[vc_row type=\u00bbin_container\u00bb full_screen_row_position=\u00bbmiddle\u00bb scene_position=\u00bbcenter\u00bb text_color=\u00bbdark\u00bb text_align=\u00bbleft\u00bb top_padding=\u00bb120&#8243; bottom_padding=\u00bb100&#8243; overlay_strength=\u00bb0.3&#8243;][vc_column centered_text=\u00bbtrue\u00bb column_padding=\u00bbpadding-5-percent\u00bb column_padding_position=\u00bbleft-right\u00bb background_color_opacity=\u00bb1&#8243; background_hover_color_opacity=\u00bb1&#8243; width=\u00bb1\/1&#8243; tablet_text_alignment=\u00bbdefault\u00bb phone_text_alignment=\u00bbdefault\u00bb][vc_column_text]<img loading=\"lazy\" decoding=\"async\" class=\"aligncenter wp-image-192 size-full\" src=\"http:\/\/zannonimedia.com\/wp-content\/uploads\/2017\/02\/icon-home-8-alt.png\" width=\"128\" height=\"128\" srcset=\"http:\/\/zannonimedia.com\/wp-content\/uploads\/2017\/02\/icon-home-8-alt.png 128w, http:\/\/zannonimedia.com\/wp-content\/uploads\/2017\/02\/icon-home-8-alt-50x50.png 50w, http:\/\/zannonimedia.com\/wp-content\/uploads\/2017\/02\/icon-home-8-alt-100x100.png 100w\" sizes=\"auto, (max-width: 128px) 100vw, 128px\" \/>[\/vc_column_text]<div class=\"divider-wrap\"><div style=\"margin-top: 20px; width: 60px; height: 1px; margin-bottom: 20px;\" data-width=\"60\" data-animate=\"\" data-animation-delay=\"\" data-color=\"extra-color-2\" class=\"divider-small-border\"><\/div><\/div>[vc_column_text]\n<h4><strong>Introducci\u00f3n de Latinoam\u00e9rica para Producciones<br \/>\nCinematogr\u00e1ficas y Televisivas<\/strong><\/h4>\n<h5>Latinoam\u00e9rica ofrece una variedad de oportunidades financieras, de producci\u00f3n y distribuci\u00f3n para compa\u00f1\u00edas de producci\u00f3n extranjeras. Llena de actores, directores y narradores talentosos, y con pr\u00e1cticamente todos los paisajes, climas y estilos urbanos posibles, este continente ofrece una verdadera inspiraci\u00f3n creativa. Desde la perspectiva de negocios, Latinoam\u00e9rica ofrece bajos costos de producci\u00f3n, incentivos y tratados de coproducci\u00f3n, haciendo atractivos a pa\u00edses como Colombia, M\u00e9xico, Argentina y Brasil para realizar producciones extranjeras.<\/h5>\n[\/vc_column_text][\/vc_column][\/vc_row][vc_row type=\u00bbfull_width_background\u00bb full_screen_row_position=\u00bbmiddle\u00bb bg_image=\u00bb313&#8243; bg_position=\u00bbcenter center\u00bb bg_repeat=\u00bbno-repeat\u00bb parallax_bg=\u00bbtrue\u00bb parallax_bg_speed=\u00bbfixed\u00bb bg_color=\u00bb#c15174&#8243; scene_position=\u00bbcenter\u00bb text_color=\u00bblight\u00bb text_align=\u00bbcenter\u00bb top_padding=\u00bb200&#8243; bottom_padding=\u00bb190&#8243; overlay_strength=\u00bb0.3&#8243;][vc_column column_padding=\u00bbno-extra-padding\u00bb column_padding_position=\u00bball\u00bb background_color_opacity=\u00bb1&#8243; background_hover_color_opacity=\u00bb1&#8243; width=\u00bb1\/1&#8243; tablet_text_alignment=\u00bbdefault\u00bb phone_text_alignment=\u00bbdefault\u00bb][vc_column_text]\n<h3><span style=\"font-size: 42px;\">\u00bfEst\u00e1s buscando producir una pel\u00edcula o serie en Latinoam\u00e9rica?<\/span><\/h3>\n<h4><span style=\"font-size: 32px;\">Somos Especialistas en Latinoam\u00e9rica.<\/span><\/h4>\n<div class=\"divider-wrap\"><div style=\"height: 10px;\" class=\"divider\"><\/div><\/div>\n<a class=\"nectar-button medium see-through-2\"  href=\"\/es\/contact\/\" data-color-override=\"#FFFFFF\"  data-hover-color-override=\"#374042\" data-hover-text-color-override=\"#D86F90\"><span>CONT\u00c1CTANOS Y APROVECHA ESTAS OPORTUNIDADES<\/span><\/a>[\/vc_column_text][\/vc_column][\/vc_row][vc_row type=\u00bbin_container\u00bb full_screen_row_position=\u00bbmiddle\u00bb scene_position=\u00bbcenter\u00bb text_color=\u00bbdark\u00bb text_align=\u00bbleft\u00bb top_padding=\u00bb140&#8243; bottom_padding=\u00bb80&#8243; overlay_strength=\u00bb0.3&#8243;][vc_column column_padding=\u00bbno-extra-padding\u00bb column_padding_position=\u00bball\u00bb background_color_opacity=\u00bb1&#8243; background_hover_color_opacity=\u00bb1&#8243; width=\u00bb1\/1&#8243; tablet_text_alignment=\u00bbdefault\u00bb phone_text_alignment=\u00bbdefault\u00bb][vc_row_inner text_align=\u00bbleft\u00bb][vc_column_inner column_padding=\u00bbpadding-12-percent\u00bb column_padding_position=\u00bbleft-right\u00bb background_color_opacity=\u00bb1&#8243; centered_text=\u00bbtrue\u00bb width=\u00bb1\/1&#8243;]<div class=\"divider-wrap\"><div style=\"margin-top: 25px; width: 60px; height: 1px; margin-bottom: 25px;\" data-width=\"60\" data-animate=\"yes\" data-animation-delay=\"\" data-color=\"accent-color\" class=\"divider-small-border\"><\/div><\/div>[vc_column_text]\n<h5>Con nuestro extensivo trabajo, conocimientos y experiencia en Latinoam\u00e9rica, asistimos a productores extranjeros que buscan expandir sus producciones, financiamiento y distribuci\u00f3n de proyectos cinematogr\u00e1ficos y televisivos a Latinoam\u00e9rica. Asesoramos con acceso a incentivos, conexi\u00f3n con socios locales, preparamos la organizaci\u00f3n para la distribuci\u00f3n de la pel\u00edcula o serie y ofrecemos apoyo administrativo y legal.<\/h5>\n[\/vc_column_text][\/vc_column_inner][\/vc_row_inner][\/vc_column][\/vc_row]\n","protected":false},"excerpt":{"rendered":"<p>[vc_row type=\u00bbin_container\u00bb full_screen_row_position=\u00bbmiddle\u00bb scene_position=\u00bbcenter\u00bb text_color=\u00bbdark\u00bb text_align=\u00bbleft\u00bb top_padding=\u00bb120&#8243; bottom_padding=\u00bb100&#8243; overlay_strength=\u00bb0.3&#8243;][vc_column centered_text=\u00bbtrue\u00bb column_padding=\u00bbpadding-5-percent\u00bb column_padding_position=\u00bbleft-right\u00bb background_color_opacity=\u00bb1&#8243; background_hover_color_opacity=\u00bb1&#8243; width=\u00bb1\/1&#8243; tablet_text_alignment=\u00bbdefault\u00bb phone_text_alignment=\u00bbdefault\u00bb][vc_column_text][\/vc_column_text][vc_column_text] Introducci\u00f3n de Latinoam\u00e9rica para Producciones Cinematogr\u00e1ficas y Televisivas Latinoam\u00e9rica ofrece una variedad de&#8230;<\/p>\n","protected":false},"author":1,"featured_media":0,"parent":419,"menu_order":0,"comment_status":"closed","ping_status":"closed","template":"","meta":{"footnotes":""},"class_list":["post-423","page","type-page","status-publish","hentry"],"_links":{"self":[{"href":"http:\/\/zannonimedia.com\/es\/wp-json\/wp\/v2\/pages\/423","targetHints":{"allow":["GET"]}}],"collection":[{"href":"http:\/\/zannonimedia.com\/es\/wp-json\/wp\/v2\/pages"}],"about":[{"href":"http:\/\/zannonimedia.com\/es\/wp-json\/wp\/v2\/types\/page"}],"author":[{"embeddable":true,"href":"http:\/\/zannonimedia.com\/es\/wp-json\/wp\/v2\/users\/1"}],"replies":[{"embeddable":true,"href":"http:\/\/zannonimedia.com\/es\/wp-json\/wp\/v2\/comments?post=423"}],"version-history":[{"count":4,"href":"http:\/\/zannonimedia.com\/es\/wp-json\/wp\/v2\/pages\/423\/revisions"}],"predecessor-version":[{"id":475,"href":"http:\/\/zannonimedia.com\/es\/wp-json\/wp\/v2\/pages\/423\/revisions\/475"}],"up":[{"embeddable":true,"href":"http:\/\/zannonimedia.com\/es\/wp-json\/wp\/v2\/pages\/419"}],"wp:attachment":[{"href":"http:\/\/zannonimedia.com\/es\/wp-json\/wp\/v2\/media?parent=423"}],"curies":[{"name":"wp","href":"https:\/\/api.w.org\/{rel}","templated":true}]}}