{"id":451,"date":"2017-02-22T17:26:58","date_gmt":"2017-02-22T17:26:58","guid":{"rendered":"http:\/\/zannonimedia.com\/clients\/"},"modified":"2023-02-07T16:31:16","modified_gmt":"2023-02-07T16:31:16","slug":"clientes","status":"publish","type":"page","link":"http:\/\/zannonimedia.com\/es\/clientes\/","title":{"rendered":"Clientes"},"content":{"rendered":"[vc_row type=\u00bbin_container\u00bb full_screen_row_position=\u00bbmiddle\u00bb scene_position=\u00bbcenter\u00bb text_color=\u00bbdark\u00bb text_align=\u00bbleft\u00bb top_padding=\u00bb120&#8243; bottom_padding=\u00bb100&#8243; overlay_strength=\u00bb0.3&#8243;][vc_column centered_text=\u00bbtrue\u00bb column_padding=\u00bbpadding-5-percent\u00bb column_padding_position=\u00bbleft-right\u00bb background_color_opacity=\u00bb1&#8243; background_hover_color_opacity=\u00bb1&#8243; width=\u00bb1\/1&#8243; tablet_text_alignment=\u00bbdefault\u00bb phone_text_alignment=\u00bbdefault\u00bb][vc_column_text]\n<h2><span style=\"color: #374042;\">Clientes<\/span><\/h2>\n[\/vc_column_text]<div class=\"divider-wrap\"><div style=\"margin-top: 25px; width: 60px; height: 1px; margin-bottom: 25px;\" data-width=\"60\" data-animate=\"\" data-animation-delay=\"\" data-color=\"extra-color-2\" class=\"divider-small-border\"><\/div><\/div>[clients columns=\u00bb3&#8243; fade_in_animation=\u00bbtrue\u00bb carousel=\u00bbtrue\u00bb][client image=\u00bb105&#8243; title=\u00bbClient\u00bb id=\u00bb1487782688-1-85&#8243; tab_id=\u00bb1487783844358-4&#8243; name=\u00bbVisualnet\u00bb] Click the edit button to add your testimonial. [\/client][client image=\u00bb104&#8243; title=\u00bbClient\u00bb id=\u00bb1487784752502-0-2&#8243; tab_id=\u00bb1487784752507-10&#8243; name=\u00bbSanta Fe Studios\u00bb][\/client][client image=\u00bb101&#8243; title=\u00bbClient\u00bb id=\u00bb1487784666896-0-1&#8243; tab_id=\u00bb1487784666903-5&#8243; name=\u00bbAnimex\u00bb][\/client][client image=\u00bb109&#8243; title=\u00bbClient\u00bb id=\u00bb1487784702022-0-8&#8243; tab_id=\u00bb1487784702028-10&#8243; name=\u00bbLatin American Training Center\u00bb][\/client][\/clients][\/vc_column][\/vc_row][vc_row type=\u00bbin_container\u00bb full_screen_row_position=\u00bbmiddle\u00bb scene_position=\u00bbcenter\u00bb text_color=\u00bbdark\u00bb text_align=\u00bbleft\u00bb top_padding=\u00bb0&#8243; bottom_padding=\u00bb100&#8243; overlay_strength=\u00bb0.3&#8243;][vc_column centered_text=\u00bbtrue\u00bb column_padding=\u00bbpadding-5-percent\u00bb column_padding_position=\u00bbleft-right\u00bb background_color_opacity=\u00bb1&#8243; background_hover_color_opacity=\u00bb1&#8243; width=\u00bb1\/1&#8243; tablet_text_alignment=\u00bbdefault\u00bb phone_text_alignment=\u00bbdefault\u00bb][vc_column_text]\n<h2><span style=\"color: #374042;\">Testimonios<\/span><\/h2>\n[\/vc_column_text]<div class=\"divider-wrap\"><div style=\"margin-top: 25px; width: 60px; height: 1px; margin-bottom: 25px;\" data-width=\"60\" data-animate=\"\" data-animation-delay=\"\" data-color=\"extra-color-2\" class=\"divider-small-border\"><\/div><\/div>[testimonial_slider style=\u00bbdefault\u00bb][testimonial title=\u00bbTestimonial\u00bb id=\u00bb1487784419-1-83&#8243; tab_id=\u00bb1487784906061-9&#8243; name=\u00bbDavid Greathouse\u00bb quote=\u00bbDavid tiene un profundo entendimiento sobre el manejo de ingresos de pel\u00edculas y agendas de recuperaci\u00f3n. Adem\u00e1s, tambi\u00e9n forma parte de una red extensa en la comunidad cinematogr\u00e1fica internacional. Esta combinaci\u00f3n ha sido muy \u00fatil para nosotros. Con gusto recomiendo a David y su firma para negocios relacionados con proyectos cinematogr\u00e1ficos.\u00bb subtitle=\u00bbPresidente y Productor de Demarest Films\u00bb] Click the edit button to add your testimonial. [\/testimonial][testimonial title=\u00bbTestimonial\u00bb id=\u00bb1487784419-2-27&#8243; tab_id=\u00bb1487784906418-1&#8243; quote=\u00bb\u00abUn verdadero profesional\u00ab es la frase que se me viene a la mente cuando pienso en mi colega y amigo David Zannoni. He tenido el placer de colaborar con David por los \u00faltimos cinco a\u00f1os en diferentes proyectos, y cada vez siempre llego a la misma conclusi\u00f3n; \u00a1Es genial tener a David en tu equipo! David cumple de manera experta su papel de asesor creativo, estrat\u00e9gico y financiero. Siempre me impresiona la habilidad de David de concentrar ideas, simplificar situaciones complejas y lidiar con diferentes personas &#8211; sin mucho esfuerzo. Toma a\u00f1os desarrollar estas habilidades, pero parecen algo natural en David. Adem\u00e1s, David es uno de los individuos m\u00e1s conectados que conozco, \u00a1es la persona conectada por excelencia! Cualquier empresa ser\u00eda afortunada de tener a David en su equipo o como asesor.\u00bb name=\u00bbOctavio Marin\u00bb subtitle=\u00bbDirector de operaciones en Santa Fe Studios\u00bb] Click the edit button to add your testimonial. [\/testimonial][testimonial title=\u00bbTestimonial\u00bb id=\u00bb1487784965993-0-3&#8243; tab_id=\u00bb1487784966002-9&#8243; quote=\u00bbEl conocimiento que David tiene sobre el dinamismo de los mercados internacionales, en combinaci\u00f3n con su experiencia certificada en conectar y aprovechar oportunidades para realizar proyectos ha sido altamente valioso en el proceso de internacionalizaci\u00f3n de 64-A Films, fortaleciendo nuestra capacidad de lograr m\u00e1s y mejores resultados.\u00bb name=\u00bbDiego F. Ramirez\u00bb subtitle=\u00bbProductor en 64A Films\u00bb][\/testimonial][\/testimonial_slider][\/vc_column][\/vc_row][vc_row type=\u00bbfull_width_background\u00bb full_screen_row_position=\u00bbmiddle\u00bb bg_image=\u00bb216&#8243; bg_position=\u00bbright bottom\u00bb bg_repeat=\u00bbno-repeat\u00bb parallax_bg=\u00bbtrue\u00bb parallax_bg_speed=\u00bbmedium\u00bb bg_color=\u00bb#4b575c\u00bb scene_position=\u00bbcenter\u00bb text_color=\u00bblight\u00bb text_align=\u00bbcenter\u00bb top_padding=\u00bb140&#8243; bottom_padding=\u00bb130&#8243; overlay_strength=\u00bb0.3&#8243;][vc_column column_padding=\u00bbno-extra-padding\u00bb column_padding_position=\u00bball\u00bb background_color_opacity=\u00bb1&#8243; background_hover_color_opacity=\u00bb1&#8243; width=\u00bb1\/1&#8243; tablet_text_alignment=\u00bbdefault\u00bb phone_text_alignment=\u00bbdefault\u00bb][vc_column_text]\n<h3><span style=\"font-size: 42px;\">\u00bfEst\u00e1s planeando hacer Global tu<br \/>\nProyecto Cinematogr\u00e1fico o Televisivo?<\/span><\/h3>\n<h4><span style=\"font-size: 32px;\">Te podemos guiar en el Mercado Global.<\/span><\/h4>\n<div class=\"divider-wrap\"><div style=\"height: 10px;\" class=\"divider\"><\/div><\/div>\n<a class=\"nectar-button medium see-through-2\"  href=\"\/es\/contact\/\" data-color-override=\"#ffffff\"  data-hover-color-override=\"#374042\" data-hover-text-color-override=\"#fff\"><span>CONT\u00c1CTANOS Y APROVECHA ESTAS OPORTUNIDADES<\/span><\/a>[\/vc_column_text][\/vc_column][\/vc_row]\n","protected":false},"excerpt":{"rendered":"<p>[vc_row type=\u00bbin_container\u00bb full_screen_row_position=\u00bbmiddle\u00bb scene_position=\u00bbcenter\u00bb text_color=\u00bbdark\u00bb text_align=\u00bbleft\u00bb top_padding=\u00bb120&#8243; bottom_padding=\u00bb100&#8243; overlay_strength=\u00bb0.3&#8243;][vc_column centered_text=\u00bbtrue\u00bb column_padding=\u00bbpadding-5-percent\u00bb column_padding_position=\u00bbleft-right\u00bb background_color_opacity=\u00bb1&#8243; background_hover_color_opacity=\u00bb1&#8243; width=\u00bb1\/1&#8243; tablet_text_alignment=\u00bbdefault\u00bb phone_text_alignment=\u00bbdefault\u00bb][vc_column_text] Clientes [\/vc_column_text][clients columns=\u00bb3&#8243; fade_in_animation=\u00bbtrue\u00bb carousel=\u00bbtrue\u00bb][client image=\u00bb105&#8243; title=\u00bbClient\u00bb id=\u00bb1487782688-1-85&#8243; tab_id=\u00bb1487783844358-4&#8243; name=\u00bbVisualnet\u00bb] Click the edit&#8230;<\/p>\n","protected":false},"author":1,"featured_media":0,"parent":0,"menu_order":0,"comment_status":"closed","ping_status":"closed","template":"","meta":{"footnotes":""},"class_list":["post-451","page","type-page","status-publish","hentry"],"_links":{"self":[{"href":"http:\/\/zannonimedia.com\/es\/wp-json\/wp\/v2\/pages\/451","targetHints":{"allow":["GET"]}}],"collection":[{"href":"http:\/\/zannonimedia.com\/es\/wp-json\/wp\/v2\/pages"}],"about":[{"href":"http:\/\/zannonimedia.com\/es\/wp-json\/wp\/v2\/types\/page"}],"author":[{"embeddable":true,"href":"http:\/\/zannonimedia.com\/es\/wp-json\/wp\/v2\/users\/1"}],"replies":[{"embeddable":true,"href":"http:\/\/zannonimedia.com\/es\/wp-json\/wp\/v2\/comments?post=451"}],"version-history":[{"count":5,"href":"http:\/\/zannonimedia.com\/es\/wp-json\/wp\/v2\/pages\/451\/revisions"}],"predecessor-version":[{"id":4355,"href":"http:\/\/zannonimedia.com\/es\/wp-json\/wp\/v2\/pages\/451\/revisions\/4355"}],"wp:attachment":[{"href":"http:\/\/zannonimedia.com\/es\/wp-json\/wp\/v2\/media?parent=451"}],"curies":[{"name":"wp","href":"https:\/\/api.w.org\/{rel}","templated":true}]}}